{"id":717,"date":"2024-06-18T17:59:05","date_gmt":"2024-06-18T17:59:05","guid":{"rendered":"https:\/\/revalorizatupiso.com\/?page_id=717"},"modified":"2024-06-18T18:03:39","modified_gmt":"2024-06-18T18:03:39","slug":"aviso-legal","status":"publish","type":"page","link":"https:\/\/revalorizatupiso.com\/ca\/aviso-legal\/","title":{"rendered":"Aviso Legal"},"content":{"rendered":"<div data-elementor-type=\"wp-page\" data-elementor-id=\"717\" class=\"elementor elementor-717\">\n\t\t\t\t<div class=\"elementor-element elementor-element-d84ab61 e-flex e-con-boxed e-con e-parent\" data-id=\"d84ab61\" data-element_type=\"container\" data-settings=\"{&quot;background_background&quot;:&quot;classic&quot;}\">\n\t\t\t\t\t<div class=\"e-con-inner\">\n\t\t\t\t<div class=\"elementor-element elementor-element-91b2c55 elementor-widget elementor-widget-spacer\" data-id=\"91b2c55\" data-element_type=\"widget\" data-widget_type=\"spacer.default\">\n\t\t\t\t<div class=\"elementor-widget-container\">\n\t\t\t\t\t\t\t<div class=\"elementor-spacer\">\n\t\t\t<div class=\"elementor-spacer-inner\"><\/div>\n\t\t<\/div>\n\t\t\t\t\t\t<\/div>\n\t\t\t\t<\/div>\n\t\t\t\t<div class=\"elementor-element elementor-element-f1f67d7 elementor-widget elementor-widget-heading\" data-id=\"f1f67d7\" data-element_type=\"widget\" data-widget_type=\"heading.default\">\n\t\t\t\t<div class=\"elementor-widget-container\">\n\t\t\t\t\t<h1 class=\"elementor-heading-title elementor-size-default\">Aviso Legal<\/h1>\t\t\t\t<\/div>\n\t\t\t\t<\/div>\n\t\t\t\t<div class=\"elementor-element elementor-element-02d20ec elementor-widget elementor-widget-spacer\" data-id=\"02d20ec\" data-element_type=\"widget\" data-widget_type=\"spacer.default\">\n\t\t\t\t<div class=\"elementor-widget-container\">\n\t\t\t\t\t\t\t<div class=\"elementor-spacer\">\n\t\t\t<div class=\"elementor-spacer-inner\"><\/div>\n\t\t<\/div>\n\t\t\t\t\t\t<\/div>\n\t\t\t\t<\/div>\n\t\t\t\t<div class=\"elementor-element elementor-element-f446ae0 elementor-widget elementor-widget-text-editor\" data-id=\"f446ae0\" data-element_type=\"widget\" data-widget_type=\"text-editor.default\">\n\t\t\t\t<div class=\"elementor-widget-container\">\n\t\t\t\t\t\t\t\t\t<p>Bienvenido a Revaloriza Tu Piso. Accediendo y utilizando este sitio web, aceptas los siguientes t\u00e9rminos y condiciones.<\/p><h3>Informaci\u00f3n general<\/h3><p>El titular de este sitio web es Revaloriza Tu Piso, con domicilio en [Direcci\u00f3n completa], y NIF [N\u00famero de identificaci\u00f3n fiscal]. Puedes contactarnos a trav\u00e9s del siguiente correo electr\u00f3nico: <a href=\"mailto:contacta@revalorizatupiso.com\" rel=\"noreferrer\">contacta@revalorizatupiso.com<\/a>.<\/p><h3>Propiedad intelectual e industrial<\/h3><p>Todos los derechos de propiedad intelectual del contenido de este sitio web y su dise\u00f1o gr\u00e1fico son propiedad exclusiva de Revaloriza Tu Piso o de terceros que han autorizado su uso a Revaloriza Tu Piso, quedando prohibida su reproducci\u00f3n, distribuci\u00f3n, comunicaci\u00f3n p\u00fablica y transformaci\u00f3n, salvo para uso personal y privado.<\/p><h3>Contenido y enlaces<\/h3><p>El contenido de este sitio web tiene fines informativos y puede cambiar sin previo aviso. No nos responsabilizamos del mal uso que se realice de la informaci\u00f3n contenida en estas p\u00e1ginas. Los enlaces externos a otros sitios web son proporcionados como una conveniencia para los usuarios y no implican responsabilidad alguna sobre los contenidos de estos sitios.<\/p><h3>Protecci\u00f3n de datos personales<\/h3><p>La utilizaci\u00f3n de datos personales se regir\u00e1 por nuestra Pol\u00edtica de Privacidad, la cual puedes consultar <a href=\"https:\/\/revalorizatupiso.com\/ca\/politica-de-privacidad\/\" rel=\"noreferrer\">aqu\u00ed<\/a>.<\/p><h3>Legislaci\u00f3n aplicable y jurisdicci\u00f3n<\/h3><p>Estas condiciones legales se han redactado bajo la ley espa\u00f1ola. En caso de conflicto en la interpretaci\u00f3n de las presentes condiciones, la jurisdicci\u00f3n competente ser\u00e1 la del domicilio del usuario y, subsidiariamente, los Juzgados y Tribunales de Barcelona.<\/p><h3>Cambios en el aviso legal<\/h3><p>Nos reservamos el derecho a modificar este aviso legal en cualquier momento, siendo efectivas dichas modificaciones desde la publicaci\u00f3n en el sitio web.<\/p><h3>Contacto<\/h3><p>Para cualquier consulta respecto a estos t\u00e9rminos y condiciones, puedes contactarnos a trav\u00e9s de:<\/p><ul><li><strong>Email:<\/strong> <a href=\"mailto:contacta@revalorizatupiso.com\" rel=\"noreferrer\">contacta@revalorizatupiso.com<\/a><\/li><\/ul>\t\t\t\t\t\t\t\t<\/div>\n\t\t\t\t<\/div>\n\t\t\t\t<div class=\"elementor-element elementor-element-35fec38 elementor-widget elementor-widget-spacer\" data-id=\"35fec38\" data-element_type=\"widget\" data-widget_type=\"spacer.default\">\n\t\t\t\t<div class=\"elementor-widget-container\">\n\t\t\t\t\t\t\t<div class=\"elementor-spacer\">\n\t\t\t<div class=\"elementor-spacer-inner\"><\/div>\n\t\t<\/div>\n\t\t\t\t\t\t<\/div>\n\t\t\t\t<\/div>\n\t\t\t\t\t<\/div>\n\t\t\t\t<\/div>\n\t\t\t\t<\/div>","protected":false},"excerpt":{"rendered":"<p>Aviso Legal Bienvenido a Revaloriza Tu Piso. Accediendo y utilizando este sitio web, aceptas los siguientes t\u00e9rminos y condiciones. Informaci\u00f3n general El titular de este sitio web es Revaloriza Tu Piso, con domicilio en [Direcci\u00f3n completa], y NIF [N\u00famero de identificaci\u00f3n fiscal]. Puedes contactarnos a trav\u00e9s del siguiente correo electr\u00f3nico: contacta@revalorizatupiso.com. Propiedad intelectual e industrial Todos los derechos de propiedad intelectual del contenido de este sitio web y su dise\u00f1o gr\u00e1fico son propiedad exclusiva de Revaloriza Tu Piso o de terceros que han autorizado su uso a Revaloriza Tu Piso, quedando prohibida su reproducci\u00f3n, distribuci\u00f3n, comunicaci\u00f3n p\u00fablica y transformaci\u00f3n, salvo para uso personal y privado. Contenido y enlaces El contenido de este sitio web tiene fines informativos y puede cambiar sin previo aviso. No nos responsabilizamos del mal uso que se realice de la informaci\u00f3n contenida en estas p\u00e1ginas. Los enlaces externos a otros sitios web son proporcionados como una conveniencia para los usuarios y no implican responsabilidad alguna sobre los contenidos de estos sitios. Protecci\u00f3n de datos personales La utilizaci\u00f3n de datos personales se regir\u00e1 por nuestra Pol\u00edtica de Privacidad, la cual puedes consultar aqu\u00ed. Legislaci\u00f3n aplicable y jurisdicci\u00f3n Estas condiciones legales se han redactado bajo la ley espa\u00f1ola. En caso de conflicto en la interpretaci\u00f3n de las presentes condiciones, la jurisdicci\u00f3n competente ser\u00e1 la del domicilio del usuario y, subsidiariamente, los Juzgados y Tribunales de Barcelona. Cambios en el aviso legal Nos reservamos el derecho a modificar este aviso legal en cualquier momento, siendo efectivas dichas modificaciones desde la publicaci\u00f3n en el sitio web. Contacto Para cualquier consulta respecto a estos t\u00e9rminos y condiciones, puedes contactarnos a trav\u00e9s de: Email: contacta@revalorizatupiso.com<\/p>","protected":false},"author":1,"featured_media":0,"parent":0,"menu_order":0,"comment_status":"closed","ping_status":"closed","template":"","meta":{"footnotes":""},"class_list":["post-717","page","type-page","status-publish","hentry"],"_links":{"self":[{"href":"https:\/\/revalorizatupiso.com\/ca\/wp-json\/wp\/v2\/pages\/717","targetHints":{"allow":["GET"]}}],"collection":[{"href":"https:\/\/revalorizatupiso.com\/ca\/wp-json\/wp\/v2\/pages"}],"about":[{"href":"https:\/\/revalorizatupiso.com\/ca\/wp-json\/wp\/v2\/types\/page"}],"author":[{"embeddable":true,"href":"https:\/\/revalorizatupiso.com\/ca\/wp-json\/wp\/v2\/users\/1"}],"replies":[{"embeddable":true,"href":"https:\/\/revalorizatupiso.com\/ca\/wp-json\/wp\/v2\/comments?post=717"}],"version-history":[{"count":10,"href":"https:\/\/revalorizatupiso.com\/ca\/wp-json\/wp\/v2\/pages\/717\/revisions"}],"predecessor-version":[{"id":733,"href":"https:\/\/revalorizatupiso.com\/ca\/wp-json\/wp\/v2\/pages\/717\/revisions\/733"}],"wp:attachment":[{"href":"https:\/\/revalorizatupiso.com\/ca\/wp-json\/wp\/v2\/media?parent=717"}],"curies":[{"name":"wp","href":"https:\/\/api.w.org\/{rel}","templated":true}]}}