{"id":712,"date":"2024-06-18T17:56:19","date_gmt":"2024-06-18T17:56:19","guid":{"rendered":"https:\/\/revalorizatupiso.com\/?page_id=712"},"modified":"2024-06-18T17:57:23","modified_gmt":"2024-06-18T17:57:23","slug":"politica-de-cookies","status":"publish","type":"page","link":"https:\/\/revalorizatupiso.com\/ca\/politica-de-cookies\/","title":{"rendered":"Cookies"},"content":{"rendered":"<div data-elementor-type=\"wp-page\" data-elementor-id=\"712\" class=\"elementor elementor-712\">\n\t\t\t\t<div class=\"elementor-element elementor-element-d84ab61 e-flex e-con-boxed e-con e-parent\" data-id=\"d84ab61\" data-element_type=\"container\" data-settings=\"{&quot;background_background&quot;:&quot;classic&quot;}\">\n\t\t\t\t\t<div class=\"e-con-inner\">\n\t\t\t\t<div class=\"elementor-element elementor-element-91b2c55 elementor-widget elementor-widget-spacer\" data-id=\"91b2c55\" data-element_type=\"widget\" data-widget_type=\"spacer.default\">\n\t\t\t\t<div class=\"elementor-widget-container\">\n\t\t\t\t\t\t\t<div class=\"elementor-spacer\">\n\t\t\t<div class=\"elementor-spacer-inner\"><\/div>\n\t\t<\/div>\n\t\t\t\t\t\t<\/div>\n\t\t\t\t<\/div>\n\t\t\t\t<div class=\"elementor-element elementor-element-f1f67d7 elementor-widget elementor-widget-heading\" data-id=\"f1f67d7\" data-element_type=\"widget\" data-widget_type=\"heading.default\">\n\t\t\t\t<div class=\"elementor-widget-container\">\n\t\t\t\t\t<h1 class=\"elementor-heading-title elementor-size-default\">Pol\u00edtica de Cookies<\/h1>\t\t\t\t<\/div>\n\t\t\t\t<\/div>\n\t\t\t\t<div class=\"elementor-element elementor-element-02d20ec elementor-widget elementor-widget-spacer\" data-id=\"02d20ec\" data-element_type=\"widget\" data-widget_type=\"spacer.default\">\n\t\t\t\t<div class=\"elementor-widget-container\">\n\t\t\t\t\t\t\t<div class=\"elementor-spacer\">\n\t\t\t<div class=\"elementor-spacer-inner\"><\/div>\n\t\t<\/div>\n\t\t\t\t\t\t<\/div>\n\t\t\t\t<\/div>\n\t\t\t\t<div class=\"elementor-element elementor-element-f446ae0 elementor-widget elementor-widget-text-editor\" data-id=\"f446ae0\" data-element_type=\"widget\" data-widget_type=\"text-editor.default\">\n\t\t\t\t<div class=\"elementor-widget-container\">\n\t\t\t\t\t\t\t\t\t<p>Esta es la pol\u00edtica de cookies para Revaloriza Tu Piso, accesible desde <a href=\"https:\/\/revalorizatupiso.com\/ca\/\" target=\"_new\" rel=\"noreferrer\">https:\/\/revalorizatupiso.com<\/a><\/p><h3>\u00bfQu\u00e9 son las cookies?<\/h3><p>Como es com\u00fan pr\u00e1ctica en casi todos los sitios web profesionales, este sitio utiliza cookies, que son peque\u00f1os archivos que se descargan en tu computadora, para mejorar tu experiencia. Esta p\u00e1gina describe qu\u00e9 informaci\u00f3n recopilan, c\u00f3mo la usamos y por qu\u00e9 a veces necesitamos almacenar estas cookies. Tambi\u00e9n compartiremos c\u00f3mo puedes evitar que se almacenen estas cookies, aunque esto puede degradar o &#8216;romper&#8217; ciertos elementos de la funcionalidad de los sitios.<\/p><h3>\u00bfC\u00f3mo utilizamos las cookies?<\/h3><p>Utilizamos cookies por varias razones detalladas a continuaci\u00f3n. Desafortunadamente, en la mayor\u00eda de los casos no hay opciones est\u00e1ndar de la industria para deshabilitar las cookies sin deshabilitar completamente la funcionalidad y caracter\u00edsticas que agregan a este sitio. Se recomienda que dejes todas las cookies si no est\u00e1s seguro de si las necesitas o no en caso de que se utilicen para proporcionar un servicio que utilizas.<\/p><h3>Desactivaci\u00f3n de cookies<\/h3><p>Puedes prevenir la configuraci\u00f3n de cookies ajustando la configuraci\u00f3n de tu navegador (consulta la Ayuda de tu navegador para saber c\u00f3mo hacerlo). Ten en cuenta que la desactivaci\u00f3n de cookies afectar\u00e1 la funcionalidad de este y muchos otros sitios web que visitas. La desactivaci\u00f3n de cookies generalmente resultar\u00e1 en la desactivaci\u00f3n de ciertas funcionalidades y caracter\u00edsticas de este sitio. Por lo tanto, se recomienda que no desactives las cookies.<\/p><h3>Cookies que establecemos<\/h3><ul><li><p><strong>Cookies relacionadas con el inicio de sesi\u00f3n:<\/strong> Utilizamos cookies cuando est\u00e1s registrado para que podamos recordar este hecho. Esto evita que tengas que iniciar sesi\u00f3n cada vez que visitas una nueva p\u00e1gina. Estas cookies normalmente se eliminan o se borran cuando cierras la sesi\u00f3n para asegurarte de que solo puedas acceder a \u00e1reas y funciones restringidas al iniciar sesi\u00f3n.<\/p><\/li><li><p><strong>Cookies relacionadas con la newsletter:<\/strong> Este sitio ofrece servicios de suscripci\u00f3n a boletines o correo electr\u00f3nico y las cookies pueden usarse para recordar si ya est\u00e1s registrado y si deseas mostrar ciertas notificaciones que pueden ser v\u00e1lidas solo para usuarios suscritos\/no suscritos.<\/p><\/li><li><p><strong>Cookies relacionadas con formularios:<\/strong> Cuando env\u00edas datos a trav\u00e9s de un formulario como los que se encuentran en las p\u00e1ginas de contacto o los formularios de comentarios, las cookies pueden configurarse para recordar tus detalles de usuario para correspondencia futura.<\/p><\/li><\/ul><h3>Cookies de terceros<\/h3><p>En algunos casos especiales tambi\u00e9n utilizamos cookies proporcionadas por terceros de confianza. La siguiente secci\u00f3n detalla qu\u00e9 cookies de terceros puedes encontrar a trav\u00e9s de este sitio.<\/p><p>Este sitio utiliza Google Analytics, que es una de las soluciones de an\u00e1lisis m\u00e1s extendidas y confiables en la web para ayudarnos a entender c\u00f3mo usas el sitio y c\u00f3mo podemos mejorar tu experiencia. Estas cookies pueden rastrear cosas como cu\u00e1nto tiempo pasas en el sitio y las p\u00e1ginas que visitas para que podamos seguir produciendo contenido atractivo.<\/p><p>Para obtener m\u00e1s informaci\u00f3n sobre las cookies de Google Analytics, consulta la p\u00e1gina oficial de Google Analytics.<\/p><h3>M\u00e1s informaci\u00f3n<\/h3><p>Esperamos que eso haya aclarado las cosas para ti y, como se mencion\u00f3 anteriormente, si hay algo que no est\u00e1s seguro de si necesitas o no, generalmente es m\u00e1s seguro dejar las cookies habilitadas en caso de que interact\u00faes con una de las funciones que utilizas en nuestro sitio.<\/p><p>Si todav\u00eda est\u00e1s buscando m\u00e1s informaci\u00f3n, puedes contactarnos a trav\u00e9s de uno de nuestros m\u00e9todos de contacto preferidos:<\/p><ul><li><strong>Email:<\/strong> <a href=\"mailto:contacta@revalorizatupiso.com\" rel=\"noreferrer\">contacta@revalorizatupiso.com<\/a><\/li><\/ul>\t\t\t\t\t\t\t\t<\/div>\n\t\t\t\t<\/div>\n\t\t\t\t<div class=\"elementor-element elementor-element-35fec38 elementor-widget elementor-widget-spacer\" data-id=\"35fec38\" data-element_type=\"widget\" data-widget_type=\"spacer.default\">\n\t\t\t\t<div class=\"elementor-widget-container\">\n\t\t\t\t\t\t\t<div class=\"elementor-spacer\">\n\t\t\t<div class=\"elementor-spacer-inner\"><\/div>\n\t\t<\/div>\n\t\t\t\t\t\t<\/div>\n\t\t\t\t<\/div>\n\t\t\t\t\t<\/div>\n\t\t\t\t<\/div>\n\t\t\t\t<\/div>","protected":false},"excerpt":{"rendered":"<p>Pol\u00edtica de Cookies Esta es la pol\u00edtica de cookies para Revaloriza Tu Piso, accesible desde https:\/\/revalorizatupiso.com \u00bfQu\u00e9 son las cookies? Como es com\u00fan pr\u00e1ctica en casi todos los sitios web profesionales, este sitio utiliza cookies, que son peque\u00f1os archivos que se descargan en tu computadora, para mejorar tu experiencia. Esta p\u00e1gina describe qu\u00e9 informaci\u00f3n recopilan, c\u00f3mo la usamos y por qu\u00e9 a veces necesitamos almacenar estas cookies. Tambi\u00e9n compartiremos c\u00f3mo puedes evitar que se almacenen estas cookies, aunque esto puede degradar o &#8216;romper&#8217; ciertos elementos de la funcionalidad de los sitios. \u00bfC\u00f3mo utilizamos las cookies? Utilizamos cookies por varias razones detalladas a continuaci\u00f3n. Desafortunadamente, en la mayor\u00eda de los casos no hay opciones est\u00e1ndar de la industria para deshabilitar las cookies sin deshabilitar completamente la funcionalidad y caracter\u00edsticas que agregan a este sitio. Se recomienda que dejes todas las cookies si no est\u00e1s seguro de si las necesitas o no en caso de que se utilicen para proporcionar un servicio que utilizas. Desactivaci\u00f3n de cookies Puedes prevenir la configuraci\u00f3n de cookies ajustando la configuraci\u00f3n de tu navegador (consulta la Ayuda de tu navegador para saber c\u00f3mo hacerlo). Ten en cuenta que la desactivaci\u00f3n de cookies afectar\u00e1 la funcionalidad de este y muchos otros sitios web que visitas. La desactivaci\u00f3n de cookies generalmente resultar\u00e1 en la desactivaci\u00f3n de ciertas funcionalidades y caracter\u00edsticas de este sitio. Por lo tanto, se recomienda que no desactives las cookies. Cookies que establecemos Cookies relacionadas con el inicio de sesi\u00f3n: Utilizamos cookies cuando est\u00e1s registrado para que podamos recordar este hecho. Esto evita que tengas que iniciar sesi\u00f3n cada vez que visitas una nueva p\u00e1gina. Estas cookies normalmente se eliminan o se borran cuando cierras la sesi\u00f3n para asegurarte de que solo puedas acceder a \u00e1reas y funciones restringidas al iniciar sesi\u00f3n. Cookies relacionadas con la newsletter: Este sitio ofrece servicios de suscripci\u00f3n a boletines o correo electr\u00f3nico y las cookies pueden usarse para recordar si ya est\u00e1s registrado y si deseas mostrar ciertas notificaciones que pueden ser v\u00e1lidas solo para usuarios suscritos\/no suscritos. Cookies relacionadas con formularios: Cuando env\u00edas datos a trav\u00e9s de un formulario como los que se encuentran en las p\u00e1ginas de contacto o los formularios de comentarios, las cookies pueden configurarse para recordar tus detalles de usuario para correspondencia futura. Cookies de terceros En algunos casos especiales tambi\u00e9n utilizamos cookies proporcionadas por terceros de confianza. La siguiente secci\u00f3n detalla qu\u00e9 cookies de terceros puedes encontrar a trav\u00e9s de este sitio. Este sitio utiliza Google Analytics, que es una de las soluciones de an\u00e1lisis m\u00e1s extendidas y confiables en la web para ayudarnos a entender c\u00f3mo usas el sitio y c\u00f3mo podemos mejorar tu experiencia. Estas cookies pueden rastrear cosas como cu\u00e1nto tiempo pasas en el sitio y las p\u00e1ginas que visitas para que podamos seguir produciendo contenido atractivo. Para obtener m\u00e1s informaci\u00f3n sobre las cookies de Google Analytics, consulta la p\u00e1gina oficial de Google Analytics. M\u00e1s informaci\u00f3n Esperamos que eso haya aclarado las cosas para ti y, como se mencion\u00f3 anteriormente, si hay algo que no est\u00e1s seguro de si necesitas o no, generalmente es m\u00e1s seguro dejar las cookies habilitadas en caso de que interact\u00faes con una de las funciones que utilizas en nuestro sitio. Si todav\u00eda est\u00e1s buscando m\u00e1s informaci\u00f3n, puedes contactarnos a trav\u00e9s de uno de nuestros m\u00e9todos de contacto preferidos: Email: contacta@revalorizatupiso.com<\/p>","protected":false},"author":1,"featured_media":0,"parent":0,"menu_order":0,"comment_status":"closed","ping_status":"closed","template":"","meta":{"footnotes":""},"class_list":["post-712","page","type-page","status-publish","hentry"],"_links":{"self":[{"href":"https:\/\/revalorizatupiso.com\/ca\/wp-json\/wp\/v2\/pages\/712","targetHints":{"allow":["GET"]}}],"collection":[{"href":"https:\/\/revalorizatupiso.com\/ca\/wp-json\/wp\/v2\/pages"}],"about":[{"href":"https:\/\/revalorizatupiso.com\/ca\/wp-json\/wp\/v2\/types\/page"}],"author":[{"embeddable":true,"href":"https:\/\/revalorizatupiso.com\/ca\/wp-json\/wp\/v2\/users\/1"}],"replies":[{"embeddable":true,"href":"https:\/\/revalorizatupiso.com\/ca\/wp-json\/wp\/v2\/comments?post=712"}],"version-history":[{"count":4,"href":"https:\/\/revalorizatupiso.com\/ca\/wp-json\/wp\/v2\/pages\/712\/revisions"}],"predecessor-version":[{"id":716,"href":"https:\/\/revalorizatupiso.com\/ca\/wp-json\/wp\/v2\/pages\/712\/revisions\/716"}],"wp:attachment":[{"href":"https:\/\/revalorizatupiso.com\/ca\/wp-json\/wp\/v2\/media?parent=712"}],"curies":[{"name":"wp","href":"https:\/\/api.w.org\/{rel}","templated":true}]}}