{"id":36,"date":"2024-06-06T18:05:07","date_gmt":"2024-06-06T18:05:07","guid":{"rendered":"https:\/\/revalorizatupiso.com\/?page_id=36"},"modified":"2024-07-08T14:40:37","modified_gmt":"2024-07-08T14:40:37","slug":"blog","status":"publish","type":"page","link":"https:\/\/revalorizatupiso.com\/ca\/blog\/","title":{"rendered":"Blog"},"content":{"rendered":"<div data-elementor-type=\"wp-page\" data-elementor-id=\"36\" class=\"elementor elementor-36\">\n\t\t\t\t<div class=\"elementor-element elementor-element-d84ab61 e-flex e-con-boxed e-con e-parent\" data-id=\"d84ab61\" data-element_type=\"container\" data-settings=\"{&quot;background_background&quot;:&quot;classic&quot;}\">\n\t\t\t\t\t<div class=\"e-con-inner\">\n\t\t\t\t<div class=\"elementor-element elementor-element-91b2c55 elementor-widget elementor-widget-spacer\" data-id=\"91b2c55\" data-element_type=\"widget\" data-widget_type=\"spacer.default\">\n\t\t\t\t<div class=\"elementor-widget-container\">\n\t\t\t\t\t\t\t<div class=\"elementor-spacer\">\n\t\t\t<div class=\"elementor-spacer-inner\"><\/div>\n\t\t<\/div>\n\t\t\t\t\t\t<\/div>\n\t\t\t\t<\/div>\n\t\t\t\t<div class=\"elementor-element elementor-element-f1f67d7 elementor-widget elementor-widget-heading\" data-id=\"f1f67d7\" data-element_type=\"widget\" data-widget_type=\"heading.default\">\n\t\t\t\t<div class=\"elementor-widget-container\">\n\t\t\t\t\t<h1 class=\"elementor-heading-title elementor-size-default\">Revaloriza tu piso Magazine<\/h1>\t\t\t\t<\/div>\n\t\t\t\t<\/div>\n\t\t\t\t<div class=\"elementor-element elementor-element-02d20ec elementor-widget elementor-widget-spacer\" data-id=\"02d20ec\" data-element_type=\"widget\" data-widget_type=\"spacer.default\">\n\t\t\t\t<div class=\"elementor-widget-container\">\n\t\t\t\t\t\t\t<div class=\"elementor-spacer\">\n\t\t\t<div class=\"elementor-spacer-inner\"><\/div>\n\t\t<\/div>\n\t\t\t\t\t\t<\/div>\n\t\t\t\t<\/div>\n\t\t\t\t<div class=\"elementor-element elementor-element-f446ae0 elementor-widget elementor-widget-text-editor\" data-id=\"f446ae0\" data-element_type=\"widget\" data-widget_type=\"text-editor.default\">\n\t\t\t\t<div class=\"elementor-widget-container\">\n\t\t\t\t\t\t\t\t\t<p>Ent\u00e9rate de las \u00faltimas noticias sobre los proyectos que realizamos y mantente informado de lo que hacemos d\u00eda a d\u00eda para aumentar el valor de la vivienda de propietarios como t\u00fa.<\/p>\t\t\t\t\t\t\t\t<\/div>\n\t\t\t\t<\/div>\n\t\t\t\t<div class=\"elementor-element elementor-element-35fec38 elementor-widget elementor-widget-spacer\" data-id=\"35fec38\" data-element_type=\"widget\" data-widget_type=\"spacer.default\">\n\t\t\t\t<div class=\"elementor-widget-container\">\n\t\t\t\t\t\t\t<div class=\"elementor-spacer\">\n\t\t\t<div class=\"elementor-spacer-inner\"><\/div>\n\t\t<\/div>\n\t\t\t\t\t\t<\/div>\n\t\t\t\t<\/div>\n\t\t\t\t\t<\/div>\n\t\t\t\t<\/div>\n\t\t<div class=\"elementor-element elementor-element-3a212cb e-flex e-con-boxed e-con e-parent\" data-id=\"3a212cb\" data-element_type=\"container\">\n\t\t\t\t\t<div class=\"e-con-inner\">\n\t\t\t\t\t<\/div>\n\t\t\t\t<\/div>\n\t\t\t\t<\/div>","protected":false},"excerpt":{"rendered":"<p>Revaloriza tu piso Magazine Ent\u00e9rate de las \u00faltimas noticias sobre los proyectos que realizamos y mantente informado de lo que hacemos d\u00eda a d\u00eda para aumentar el valor de la vivienda de propietarios como t\u00fa. home Uncategorized P\u00e1gina de ejemplo Hello world!<\/p>","protected":false},"author":1,"featured_media":0,"parent":0,"menu_order":0,"comment_status":"closed","ping_status":"closed","template":"","meta":{"footnotes":""},"class_list":["post-36","page","type-page","status-publish","hentry"],"_links":{"self":[{"href":"https:\/\/revalorizatupiso.com\/ca\/wp-json\/wp\/v2\/pages\/36","targetHints":{"allow":["GET"]}}],"collection":[{"href":"https:\/\/revalorizatupiso.com\/ca\/wp-json\/wp\/v2\/pages"}],"about":[{"href":"https:\/\/revalorizatupiso.com\/ca\/wp-json\/wp\/v2\/types\/page"}],"author":[{"embeddable":true,"href":"https:\/\/revalorizatupiso.com\/ca\/wp-json\/wp\/v2\/users\/1"}],"replies":[{"embeddable":true,"href":"https:\/\/revalorizatupiso.com\/ca\/wp-json\/wp\/v2\/comments?post=36"}],"version-history":[{"count":13,"href":"https:\/\/revalorizatupiso.com\/ca\/wp-json\/wp\/v2\/pages\/36\/revisions"}],"predecessor-version":[{"id":882,"href":"https:\/\/revalorizatupiso.com\/ca\/wp-json\/wp\/v2\/pages\/36\/revisions\/882"}],"wp:attachment":[{"href":"https:\/\/revalorizatupiso.com\/ca\/wp-json\/wp\/v2\/media?parent=36"}],"curies":[{"name":"wp","href":"https:\/\/api.w.org\/{rel}","templated":true}]}}